{"id":456,"date":"2021-09-25T14:00:37","date_gmt":"2021-09-25T14:00:37","guid":{"rendered":"https:\/\/dev.colibrity.com\/vidata\/home-page-2\/"},"modified":"2024-07-24T08:12:10","modified_gmt":"2024-07-24T08:12:10","slug":"vidata-personalised-video-generation-solution","status":"publish","type":"page","link":"https:\/\/vidata.io\/en\/","title":{"rendered":"Vidata &#8211; Personalised Video Generation Solution"},"content":{"rendered":"","protected":false},"excerpt":{"rendered":"","protected":false},"author":1,"featured_media":1716,"parent":0,"menu_order":0,"comment_status":"closed","ping_status":"closed","template":"page-home.php","meta":{"content-type":"","inline_featured_image":false,"footnotes":""},"class_list":["post-456","page","type-page","status-publish","has-post-thumbnail","hentry"],"acf":[],"yoast_head":"<!-- This site is optimized with the Yoast SEO Premium plugin v18.8 (Yoast SEO v27.4) - https:\/\/yoast.com\/product\/yoast-seo-premium-wordpress\/ -->\n<title>Vidata - Personalised Video Generation Solution<\/title>\n<meta name=\"description\" content=\"Send now, to each of your customers and prospects, unique personalized videos that really meet their challenges.\" \/>\n<meta name=\"robots\" content=\"index, follow, max-snippet:-1, max-image-preview:large, max-video-preview:-1\" \/>\n<link rel=\"canonical\" href=\"https:\/\/vidata.io\/en\/\" \/>\n<meta property=\"og:locale\" content=\"en_US\" \/>\n<meta property=\"og:type\" content=\"article\" \/>\n<meta property=\"og:title\" content=\"Vidata - Personalised Video Generation Solution\" \/>\n<meta property=\"og:description\" content=\"Send now, to each of your customers and prospects, unique personalized videos that really meet their challenges.\" \/>\n<meta property=\"og:url\" content=\"https:\/\/vidata.io\/en\/\" \/>\n<meta property=\"og:site_name\" content=\"Vidata\" \/>\n<meta property=\"article:publisher\" content=\"https:\/\/fr-fr.facebook.com\/MySuperSouvenir\/\" \/>\n<meta property=\"article:modified_time\" content=\"2024-07-24T08:12:10+00:00\" \/>\n<meta property=\"og:image\" content=\"https:\/\/vidata.io\/wp-content\/uploads\/2022\/04\/logo-vidata.png\" \/>\n\t<meta property=\"og:image:width\" content=\"1200\" \/>\n\t<meta property=\"og:image:height\" content=\"630\" \/>\n\t<meta property=\"og:image:type\" content=\"image\/png\" \/>\n<meta name=\"twitter:card\" content=\"summary_large_image\" \/>\n<meta name=\"twitter:site\" content=\"@vidata_io\" \/>\n<script type=\"application\/ld+json\" class=\"yoast-schema-graph\">{\"@context\":\"https:\\\/\\\/schema.org\",\"@graph\":[{\"@type\":\"WebPage\",\"@id\":\"https:\\\/\\\/vidata.io\\\/en\\\/\",\"url\":\"https:\\\/\\\/vidata.io\\\/en\\\/\",\"name\":\"Vidata - Personalised Video Generation Solution\",\"isPartOf\":{\"@id\":\"https:\\\/\\\/vidata.io\\\/en\\\/#website\"},\"primaryImageOfPage\":{\"@id\":\"https:\\\/\\\/vidata.io\\\/en\\\/#primaryimage\"},\"image\":{\"@id\":\"https:\\\/\\\/vidata.io\\\/en\\\/#primaryimage\"},\"thumbnailUrl\":\"https:\\\/\\\/vidata.io\\\/wp-content\\\/uploads\\\/2021\\\/12\\\/logo_vidata.svg\",\"datePublished\":\"2021-09-25T14:00:37+00:00\",\"dateModified\":\"2024-07-24T08:12:10+00:00\",\"description\":\"Send now, to each of your customers and prospects, unique personalized videos that really meet their challenges.\",\"breadcrumb\":{\"@id\":\"https:\\\/\\\/vidata.io\\\/en\\\/#breadcrumb\"},\"inLanguage\":\"en-US\",\"potentialAction\":[{\"@type\":\"ReadAction\",\"target\":[\"https:\\\/\\\/vidata.io\\\/en\\\/\"]}]},{\"@type\":\"ImageObject\",\"inLanguage\":\"en-US\",\"@id\":\"https:\\\/\\\/vidata.io\\\/en\\\/#primaryimage\",\"url\":\"https:\\\/\\\/vidata.io\\\/wp-content\\\/uploads\\\/2021\\\/12\\\/logo_vidata.svg\",\"contentUrl\":\"https:\\\/\\\/vidata.io\\\/wp-content\\\/uploads\\\/2021\\\/12\\\/logo_vidata.svg\",\"width\":551,\"height\":117,\"caption\":\"Logo de notre entreprise sp\u00e9cialis\u00e9 dans la cr\u00e9ation de vid\u00e9o personnalis\u00e9e pour votre entreprise\"},{\"@type\":\"BreadcrumbList\",\"@id\":\"https:\\\/\\\/vidata.io\\\/en\\\/#breadcrumb\",\"itemListElement\":[{\"@type\":\"ListItem\",\"position\":1,\"name\":\"Accueil\",\"item\":\"https:\\\/\\\/vidata.io\\\/en\\\/\"},{\"@type\":\"ListItem\",\"position\":2,\"name\":\"Vidata &#8211; Personalised Video Generation Solution\"}]},{\"@type\":\"WebSite\",\"@id\":\"https:\\\/\\\/vidata.io\\\/en\\\/#website\",\"url\":\"https:\\\/\\\/vidata.io\\\/en\\\/\",\"name\":\"Vidata\",\"description\":\"\",\"publisher\":{\"@id\":\"https:\\\/\\\/vidata.io\\\/en\\\/#organization\"},\"potentialAction\":[{\"@type\":\"SearchAction\",\"target\":{\"@type\":\"EntryPoint\",\"urlTemplate\":\"https:\\\/\\\/vidata.io\\\/en\\\/?s={search_term_string}\"},\"query-input\":{\"@type\":\"PropertyValueSpecification\",\"valueRequired\":true,\"valueName\":\"search_term_string\"}}],\"inLanguage\":\"en-US\"},{\"@type\":\"Organization\",\"@id\":\"https:\\\/\\\/vidata.io\\\/en\\\/#organization\",\"name\":\"VIDATA\",\"url\":\"https:\\\/\\\/vidata.io\\\/en\\\/\",\"logo\":{\"@type\":\"ImageObject\",\"inLanguage\":\"en-US\",\"@id\":\"https:\\\/\\\/vidata.io\\\/en\\\/#\\\/schema\\\/logo\\\/image\\\/\",\"url\":\"https:\\\/\\\/vidata.io\\\/wp-content\\\/uploads\\\/2022\\\/04\\\/logo-vidata.png\",\"contentUrl\":\"https:\\\/\\\/vidata.io\\\/wp-content\\\/uploads\\\/2022\\\/04\\\/logo-vidata.png\",\"width\":1200,\"height\":630,\"caption\":\"VIDATA\"},\"image\":{\"@id\":\"https:\\\/\\\/vidata.io\\\/en\\\/#\\\/schema\\\/logo\\\/image\\\/\"},\"sameAs\":[\"https:\\\/\\\/fr-fr.facebook.com\\\/MySuperSouvenir\\\/\",\"https:\\\/\\\/x.com\\\/vidata_io\",\"https:\\\/\\\/www.linkedin.com\\\/company\\\/vidata\\\/\"]}]}<\/script>\n<!-- \/ Yoast SEO Premium plugin. -->","yoast_head_json":{"title":"Vidata - Personalised Video Generation Solution","description":"Send now, to each of your customers and prospects, unique personalized videos that really meet their challenges.","robots":{"index":"index","follow":"follow","max-snippet":"max-snippet:-1","max-image-preview":"max-image-preview:large","max-video-preview":"max-video-preview:-1"},"canonical":"https:\/\/vidata.io\/en\/","og_locale":"en_US","og_type":"article","og_title":"Vidata - Personalised Video Generation Solution","og_description":"Send now, to each of your customers and prospects, unique personalized videos that really meet their challenges.","og_url":"https:\/\/vidata.io\/en\/","og_site_name":"Vidata","article_publisher":"https:\/\/fr-fr.facebook.com\/MySuperSouvenir\/","article_modified_time":"2024-07-24T08:12:10+00:00","og_image":[{"width":1200,"height":630,"url":"https:\/\/vidata.io\/wp-content\/uploads\/2022\/04\/logo-vidata.png","type":"image\/png"}],"twitter_card":"summary_large_image","twitter_site":"@vidata_io","schema":{"@context":"https:\/\/schema.org","@graph":[{"@type":"WebPage","@id":"https:\/\/vidata.io\/en\/","url":"https:\/\/vidata.io\/en\/","name":"Vidata - Personalised Video Generation Solution","isPartOf":{"@id":"https:\/\/vidata.io\/en\/#website"},"primaryImageOfPage":{"@id":"https:\/\/vidata.io\/en\/#primaryimage"},"image":{"@id":"https:\/\/vidata.io\/en\/#primaryimage"},"thumbnailUrl":"https:\/\/vidata.io\/wp-content\/uploads\/2021\/12\/logo_vidata.svg","datePublished":"2021-09-25T14:00:37+00:00","dateModified":"2024-07-24T08:12:10+00:00","description":"Send now, to each of your customers and prospects, unique personalized videos that really meet their challenges.","breadcrumb":{"@id":"https:\/\/vidata.io\/en\/#breadcrumb"},"inLanguage":"en-US","potentialAction":[{"@type":"ReadAction","target":["https:\/\/vidata.io\/en\/"]}]},{"@type":"ImageObject","inLanguage":"en-US","@id":"https:\/\/vidata.io\/en\/#primaryimage","url":"https:\/\/vidata.io\/wp-content\/uploads\/2021\/12\/logo_vidata.svg","contentUrl":"https:\/\/vidata.io\/wp-content\/uploads\/2021\/12\/logo_vidata.svg","width":551,"height":117,"caption":"Logo de notre entreprise sp\u00e9cialis\u00e9 dans la cr\u00e9ation de vid\u00e9o personnalis\u00e9e pour votre entreprise"},{"@type":"BreadcrumbList","@id":"https:\/\/vidata.io\/en\/#breadcrumb","itemListElement":[{"@type":"ListItem","position":1,"name":"Accueil","item":"https:\/\/vidata.io\/en\/"},{"@type":"ListItem","position":2,"name":"Vidata &#8211; Personalised Video Generation Solution"}]},{"@type":"WebSite","@id":"https:\/\/vidata.io\/en\/#website","url":"https:\/\/vidata.io\/en\/","name":"Vidata","description":"","publisher":{"@id":"https:\/\/vidata.io\/en\/#organization"},"potentialAction":[{"@type":"SearchAction","target":{"@type":"EntryPoint","urlTemplate":"https:\/\/vidata.io\/en\/?s={search_term_string}"},"query-input":{"@type":"PropertyValueSpecification","valueRequired":true,"valueName":"search_term_string"}}],"inLanguage":"en-US"},{"@type":"Organization","@id":"https:\/\/vidata.io\/en\/#organization","name":"VIDATA","url":"https:\/\/vidata.io\/en\/","logo":{"@type":"ImageObject","inLanguage":"en-US","@id":"https:\/\/vidata.io\/en\/#\/schema\/logo\/image\/","url":"https:\/\/vidata.io\/wp-content\/uploads\/2022\/04\/logo-vidata.png","contentUrl":"https:\/\/vidata.io\/wp-content\/uploads\/2022\/04\/logo-vidata.png","width":1200,"height":630,"caption":"VIDATA"},"image":{"@id":"https:\/\/vidata.io\/en\/#\/schema\/logo\/image\/"},"sameAs":["https:\/\/fr-fr.facebook.com\/MySuperSouvenir\/","https:\/\/x.com\/vidata_io","https:\/\/www.linkedin.com\/company\/vidata\/"]}]}},"_links":{"self":[{"href":"https:\/\/vidata.io\/en\/wp-json\/wp\/v2\/pages\/456","targetHints":{"allow":["GET"]}}],"collection":[{"href":"https:\/\/vidata.io\/en\/wp-json\/wp\/v2\/pages"}],"about":[{"href":"https:\/\/vidata.io\/en\/wp-json\/wp\/v2\/types\/page"}],"author":[{"embeddable":true,"href":"https:\/\/vidata.io\/en\/wp-json\/wp\/v2\/users\/1"}],"replies":[{"embeddable":true,"href":"https:\/\/vidata.io\/en\/wp-json\/wp\/v2\/comments?post=456"}],"version-history":[{"count":55,"href":"https:\/\/vidata.io\/en\/wp-json\/wp\/v2\/pages\/456\/revisions"}],"predecessor-version":[{"id":2052,"href":"https:\/\/vidata.io\/en\/wp-json\/wp\/v2\/pages\/456\/revisions\/2052"}],"wp:featuredmedia":[{"embeddable":true,"href":"https:\/\/vidata.io\/en\/wp-json\/wp\/v2\/media\/1716"}],"wp:attachment":[{"href":"https:\/\/vidata.io\/en\/wp-json\/wp\/v2\/media?parent=456"}],"curies":[{"name":"wp","href":"https:\/\/api.w.org\/{rel}","templated":true}]}}