{"id":457,"date":"2021-09-13T12:50:45","date_gmt":"2021-09-13T12:50:45","guid":{"rendered":"https:\/\/dev.colibrity.com\/vidata\/jobs\/"},"modified":"2024-07-24T08:13:06","modified_gmt":"2024-07-24T08:13:06","slug":"jobs-en","status":"publish","type":"page","link":"https:\/\/vidata.io\/en\/jobs-en\/","title":{"rendered":"Jobs"},"content":{"rendered":"\n<p class=\"has-text-align-center has-text-color has-link-color wp-elements-d01f9343ce1d8473b4a627dce1eb0a55\" style=\"color:#2c4290\"><mark style=\"background-color:rgba(0, 0, 0, 0)\" class=\"has-inline-color has-black-color\"><strong>Sorry, we have no vacancies at the moment.<\/strong><br><strong>If you would still like to send an unsolicited application, please write to us at<\/strong><\/mark><strong> <a href=\"mailto:hiring@vidata.io\">hiring@vidata.io<\/a>.<\/strong><\/p>\n\n\n\n<p><\/p>\n","protected":false},"excerpt":{"rendered":"<p>Sorry, we have no vacancies at the moment.If you would still like to send an unsolicited application, please write to us at hiring@vidata.io.<\/p>\n","protected":false},"author":1,"featured_media":2840,"parent":0,"menu_order":0,"comment_status":"closed","ping_status":"closed","template":"page-vacancy.php","meta":{"content-type":"","inline_featured_image":false,"footnotes":""},"class_list":["post-457","page","type-page","status-publish","has-post-thumbnail","hentry"],"acf":[],"yoast_head":"<!-- This site is optimized with the Yoast SEO Premium plugin v18.8 (Yoast SEO v27.4) - https:\/\/yoast.com\/product\/yoast-seo-premium-wordpress\/ -->\n<title>Rejoignez l&#039;\u00e9quipe sp\u00e9cialis\u00e9e dans l&#039;am\u00e9lioration du parcours client - Vidata<\/title>\n<meta name=\"description\" content=\"Rejoignez l&#039;\u00e9quipe de VIDATA sp\u00e9cialis\u00e9e dans l&#039;am\u00e9lioration du parcours client pour les entreprises avec sa solution de vid\u00e9os personnalis\u00e9es\" \/>\n<meta name=\"robots\" content=\"index, follow, max-snippet:-1, max-image-preview:large, max-video-preview:-1\" \/>\n<link rel=\"canonical\" href=\"https:\/\/vidata.io\/en\/jobs-en\/\" \/>\n<meta property=\"og:locale\" content=\"en_US\" \/>\n<meta property=\"og:type\" content=\"article\" \/>\n<meta property=\"og:title\" content=\"Jobs\" \/>\n<meta property=\"og:description\" content=\"Rejoignez l&#039;\u00e9quipe de VIDATA sp\u00e9cialis\u00e9e dans l&#039;am\u00e9lioration du parcours client pour les entreprises avec sa solution de vid\u00e9os personnalis\u00e9es\" \/>\n<meta property=\"og:url\" content=\"https:\/\/vidata.io\/en\/jobs-en\/\" \/>\n<meta property=\"og:site_name\" content=\"Vidata\" \/>\n<meta property=\"article:publisher\" content=\"https:\/\/fr-fr.facebook.com\/MySuperSouvenir\/\" \/>\n<meta property=\"article:modified_time\" content=\"2024-07-24T08:13:06+00:00\" \/>\n<meta property=\"og:image\" content=\"https:\/\/vidata.io\/wp-content\/uploads\/2024\/07\/IMG_2471-scaled.jpg\" \/>\n\t<meta property=\"og:image:width\" content=\"2560\" \/>\n\t<meta property=\"og:image:height\" content=\"1707\" \/>\n\t<meta property=\"og:image:type\" content=\"image\/jpeg\" \/>\n<meta name=\"twitter:card\" content=\"summary_large_image\" \/>\n<meta name=\"twitter:site\" content=\"@vidata_io\" \/>\n<meta name=\"twitter:label1\" content=\"Est. reading time\" \/>\n\t<meta name=\"twitter:data1\" content=\"1 minute\" \/>\n<script type=\"application\/ld+json\" class=\"yoast-schema-graph\">{\"@context\":\"https:\\\/\\\/schema.org\",\"@graph\":[{\"@type\":\"WebPage\",\"@id\":\"https:\\\/\\\/vidata.io\\\/en\\\/jobs-en\\\/\",\"url\":\"https:\\\/\\\/vidata.io\\\/en\\\/jobs-en\\\/\",\"name\":\"Rejoignez l'\u00e9quipe sp\u00e9cialis\u00e9e dans l'am\u00e9lioration du parcours client - Vidata\",\"isPartOf\":{\"@id\":\"https:\\\/\\\/vidata.io\\\/en\\\/#website\"},\"primaryImageOfPage\":{\"@id\":\"https:\\\/\\\/vidata.io\\\/en\\\/jobs-en\\\/#primaryimage\"},\"image\":{\"@id\":\"https:\\\/\\\/vidata.io\\\/en\\\/jobs-en\\\/#primaryimage\"},\"thumbnailUrl\":\"https:\\\/\\\/vidata.io\\\/wp-content\\\/uploads\\\/2024\\\/07\\\/IMG_2471-scaled.jpg\",\"datePublished\":\"2021-09-13T12:50:45+00:00\",\"dateModified\":\"2024-07-24T08:13:06+00:00\",\"description\":\"Rejoignez l'\u00e9quipe de VIDATA sp\u00e9cialis\u00e9e dans l'am\u00e9lioration du parcours client pour les entreprises avec sa solution de vid\u00e9os personnalis\u00e9es\",\"breadcrumb\":{\"@id\":\"https:\\\/\\\/vidata.io\\\/en\\\/jobs-en\\\/#breadcrumb\"},\"inLanguage\":\"en-US\",\"potentialAction\":[{\"@type\":\"ReadAction\",\"target\":[\"https:\\\/\\\/vidata.io\\\/en\\\/jobs-en\\\/\"]}]},{\"@type\":\"ImageObject\",\"inLanguage\":\"en-US\",\"@id\":\"https:\\\/\\\/vidata.io\\\/en\\\/jobs-en\\\/#primaryimage\",\"url\":\"https:\\\/\\\/vidata.io\\\/wp-content\\\/uploads\\\/2024\\\/07\\\/IMG_2471-scaled.jpg\",\"contentUrl\":\"https:\\\/\\\/vidata.io\\\/wp-content\\\/uploads\\\/2024\\\/07\\\/IMG_2471-scaled.jpg\",\"width\":2560,\"height\":1707},{\"@type\":\"BreadcrumbList\",\"@id\":\"https:\\\/\\\/vidata.io\\\/en\\\/jobs-en\\\/#breadcrumb\",\"itemListElement\":[{\"@type\":\"ListItem\",\"position\":1,\"name\":\"Accueil\",\"item\":\"https:\\\/\\\/vidata.io\\\/en\\\/\"},{\"@type\":\"ListItem\",\"position\":2,\"name\":\"Jobs\"}]},{\"@type\":\"WebSite\",\"@id\":\"https:\\\/\\\/vidata.io\\\/en\\\/#website\",\"url\":\"https:\\\/\\\/vidata.io\\\/en\\\/\",\"name\":\"Vidata\",\"description\":\"\",\"publisher\":{\"@id\":\"https:\\\/\\\/vidata.io\\\/en\\\/#organization\"},\"potentialAction\":[{\"@type\":\"SearchAction\",\"target\":{\"@type\":\"EntryPoint\",\"urlTemplate\":\"https:\\\/\\\/vidata.io\\\/en\\\/?s={search_term_string}\"},\"query-input\":{\"@type\":\"PropertyValueSpecification\",\"valueRequired\":true,\"valueName\":\"search_term_string\"}}],\"inLanguage\":\"en-US\"},{\"@type\":\"Organization\",\"@id\":\"https:\\\/\\\/vidata.io\\\/en\\\/#organization\",\"name\":\"VIDATA\",\"url\":\"https:\\\/\\\/vidata.io\\\/en\\\/\",\"logo\":{\"@type\":\"ImageObject\",\"inLanguage\":\"en-US\",\"@id\":\"https:\\\/\\\/vidata.io\\\/en\\\/#\\\/schema\\\/logo\\\/image\\\/\",\"url\":\"https:\\\/\\\/vidata.io\\\/wp-content\\\/uploads\\\/2022\\\/04\\\/logo-vidata.png\",\"contentUrl\":\"https:\\\/\\\/vidata.io\\\/wp-content\\\/uploads\\\/2022\\\/04\\\/logo-vidata.png\",\"width\":1200,\"height\":630,\"caption\":\"VIDATA\"},\"image\":{\"@id\":\"https:\\\/\\\/vidata.io\\\/en\\\/#\\\/schema\\\/logo\\\/image\\\/\"},\"sameAs\":[\"https:\\\/\\\/fr-fr.facebook.com\\\/MySuperSouvenir\\\/\",\"https:\\\/\\\/x.com\\\/vidata_io\",\"https:\\\/\\\/www.linkedin.com\\\/company\\\/vidata\\\/\"]}]}<\/script>\n<!-- \/ Yoast SEO Premium plugin. -->","yoast_head_json":{"title":"Rejoignez l'\u00e9quipe sp\u00e9cialis\u00e9e dans l'am\u00e9lioration du parcours client - Vidata","description":"Rejoignez l'\u00e9quipe de VIDATA sp\u00e9cialis\u00e9e dans l'am\u00e9lioration du parcours client pour les entreprises avec sa solution de vid\u00e9os personnalis\u00e9es","robots":{"index":"index","follow":"follow","max-snippet":"max-snippet:-1","max-image-preview":"max-image-preview:large","max-video-preview":"max-video-preview:-1"},"canonical":"https:\/\/vidata.io\/en\/jobs-en\/","og_locale":"en_US","og_type":"article","og_title":"Jobs","og_description":"Rejoignez l'\u00e9quipe de VIDATA sp\u00e9cialis\u00e9e dans l'am\u00e9lioration du parcours client pour les entreprises avec sa solution de vid\u00e9os personnalis\u00e9es","og_url":"https:\/\/vidata.io\/en\/jobs-en\/","og_site_name":"Vidata","article_publisher":"https:\/\/fr-fr.facebook.com\/MySuperSouvenir\/","article_modified_time":"2024-07-24T08:13:06+00:00","og_image":[{"width":2560,"height":1707,"url":"https:\/\/vidata.io\/wp-content\/uploads\/2024\/07\/IMG_2471-scaled.jpg","type":"image\/jpeg"}],"twitter_card":"summary_large_image","twitter_site":"@vidata_io","twitter_misc":{"Est. reading time":"1 minute"},"schema":{"@context":"https:\/\/schema.org","@graph":[{"@type":"WebPage","@id":"https:\/\/vidata.io\/en\/jobs-en\/","url":"https:\/\/vidata.io\/en\/jobs-en\/","name":"Rejoignez l'\u00e9quipe sp\u00e9cialis\u00e9e dans l'am\u00e9lioration du parcours client - Vidata","isPartOf":{"@id":"https:\/\/vidata.io\/en\/#website"},"primaryImageOfPage":{"@id":"https:\/\/vidata.io\/en\/jobs-en\/#primaryimage"},"image":{"@id":"https:\/\/vidata.io\/en\/jobs-en\/#primaryimage"},"thumbnailUrl":"https:\/\/vidata.io\/wp-content\/uploads\/2024\/07\/IMG_2471-scaled.jpg","datePublished":"2021-09-13T12:50:45+00:00","dateModified":"2024-07-24T08:13:06+00:00","description":"Rejoignez l'\u00e9quipe de VIDATA sp\u00e9cialis\u00e9e dans l'am\u00e9lioration du parcours client pour les entreprises avec sa solution de vid\u00e9os personnalis\u00e9es","breadcrumb":{"@id":"https:\/\/vidata.io\/en\/jobs-en\/#breadcrumb"},"inLanguage":"en-US","potentialAction":[{"@type":"ReadAction","target":["https:\/\/vidata.io\/en\/jobs-en\/"]}]},{"@type":"ImageObject","inLanguage":"en-US","@id":"https:\/\/vidata.io\/en\/jobs-en\/#primaryimage","url":"https:\/\/vidata.io\/wp-content\/uploads\/2024\/07\/IMG_2471-scaled.jpg","contentUrl":"https:\/\/vidata.io\/wp-content\/uploads\/2024\/07\/IMG_2471-scaled.jpg","width":2560,"height":1707},{"@type":"BreadcrumbList","@id":"https:\/\/vidata.io\/en\/jobs-en\/#breadcrumb","itemListElement":[{"@type":"ListItem","position":1,"name":"Accueil","item":"https:\/\/vidata.io\/en\/"},{"@type":"ListItem","position":2,"name":"Jobs"}]},{"@type":"WebSite","@id":"https:\/\/vidata.io\/en\/#website","url":"https:\/\/vidata.io\/en\/","name":"Vidata","description":"","publisher":{"@id":"https:\/\/vidata.io\/en\/#organization"},"potentialAction":[{"@type":"SearchAction","target":{"@type":"EntryPoint","urlTemplate":"https:\/\/vidata.io\/en\/?s={search_term_string}"},"query-input":{"@type":"PropertyValueSpecification","valueRequired":true,"valueName":"search_term_string"}}],"inLanguage":"en-US"},{"@type":"Organization","@id":"https:\/\/vidata.io\/en\/#organization","name":"VIDATA","url":"https:\/\/vidata.io\/en\/","logo":{"@type":"ImageObject","inLanguage":"en-US","@id":"https:\/\/vidata.io\/en\/#\/schema\/logo\/image\/","url":"https:\/\/vidata.io\/wp-content\/uploads\/2022\/04\/logo-vidata.png","contentUrl":"https:\/\/vidata.io\/wp-content\/uploads\/2022\/04\/logo-vidata.png","width":1200,"height":630,"caption":"VIDATA"},"image":{"@id":"https:\/\/vidata.io\/en\/#\/schema\/logo\/image\/"},"sameAs":["https:\/\/fr-fr.facebook.com\/MySuperSouvenir\/","https:\/\/x.com\/vidata_io","https:\/\/www.linkedin.com\/company\/vidata\/"]}]}},"_links":{"self":[{"href":"https:\/\/vidata.io\/en\/wp-json\/wp\/v2\/pages\/457","targetHints":{"allow":["GET"]}}],"collection":[{"href":"https:\/\/vidata.io\/en\/wp-json\/wp\/v2\/pages"}],"about":[{"href":"https:\/\/vidata.io\/en\/wp-json\/wp\/v2\/types\/page"}],"author":[{"embeddable":true,"href":"https:\/\/vidata.io\/en\/wp-json\/wp\/v2\/users\/1"}],"replies":[{"embeddable":true,"href":"https:\/\/vidata.io\/en\/wp-json\/wp\/v2\/comments?post=457"}],"version-history":[{"count":4,"href":"https:\/\/vidata.io\/en\/wp-json\/wp\/v2\/pages\/457\/revisions"}],"predecessor-version":[{"id":2814,"href":"https:\/\/vidata.io\/en\/wp-json\/wp\/v2\/pages\/457\/revisions\/2814"}],"wp:featuredmedia":[{"embeddable":true,"href":"https:\/\/vidata.io\/en\/wp-json\/wp\/v2\/media\/2840"}],"wp:attachment":[{"href":"https:\/\/vidata.io\/en\/wp-json\/wp\/v2\/media?parent=457"}],"curies":[{"name":"wp","href":"https:\/\/api.w.org\/{rel}","templated":true}]}}